{"id":18,"date":"2015-03-19T14:26:46","date_gmt":"2015-03-19T14:26:46","guid":{"rendered":"http:\/\/finance-business.cmsmasters.net\/?page_id=18"},"modified":"2026-01-20T21:22:18","modified_gmt":"2026-01-21T02:22:18","slug":"contacto","status":"publish","type":"page","link":"https:\/\/finanfondo.com\/index.php\/contacto\/","title":{"rendered":"Contacto"},"content":{"rendered":"<style type=\"text\/css\"> #cmsms_icon_list_items_69f39324a674a4_12844584 { \n\tpadding-left:36px; \n} \n\n#cmsms_icon_list_items_69f39324a674a4_12844584 .cmsms_icon_list_item:before { \n\tfont-size:16px; \n\tleft:-36px; \n} \n\n.cmsms_icon_list_items #cmsms_icon_list_item_69f39324a68929_59141340:before { \n\tcolor:#ff5f00;\n} \n\n.cmsms_icon_list_items #cmsms_icon_list_item_69f39324a68cc4_00379754:before { \n\tcolor:#b4df56;\n} \n\n.cmsms_icon_list_items #cmsms_icon_list_item_69f39324a68f03_00953880:before { \n\tcolor:#51c5eb;\n} \n \n#cmsms_row_69f39324a694a6_14106686 .cmsms_row_outer_parent { \n\tpadding-top: 0px; \n} \n\n#cmsms_row_69f39324a694a6_14106686 .cmsms_row_outer_parent { \n\tpadding-bottom: 10px; \n} \n\n#cmsms_row_69f39324a694a6_14106686 .cmsms_row_inner.cmsms_row_fullwidth { \n\tpadding-left:0%; \n} \n#cmsms_row_69f39324a694a6_14106686 .cmsms_row_inner.cmsms_row_fullwidth { \n\tpadding-right:0%; \n} \n<\/style>\t\t<div data-elementor-type=\"wp-page\" data-elementor-id=\"18\" class=\"elementor elementor-18\" data-elementor-settings=\"[]\">\n\t\t\t\t\t\t\t<div class=\"elementor-section-wrap\">\n\t\t\t\t\t\t\t<section class=\"elementor-section elementor-top-section elementor-element elementor-element-f385e3c elementor-section-boxed elementor-section-height-default elementor-section-height-default\" data-id=\"f385e3c\" data-element_type=\"section\">\n\t\t\t\t\t\t<div class=\"elementor-container elementor-column-gap-default\">\n\t\t\t\t\t<div class=\"elementor-column elementor-col-100 elementor-top-column elementor-element elementor-element-695b0f1\" data-id=\"695b0f1\" data-element_type=\"column\">\n\t\t\t<div class=\"elementor-widget-wrap elementor-element-populated\">\n\t\t\t\t\t\t\t\t<div class=\"elementor-element elementor-element-6bb2b1e elementor-widget elementor-widget-heading\" data-id=\"6bb2b1e\" data-element_type=\"widget\" data-widget_type=\"heading.default\">\n\t\t\t\t<div class=\"elementor-widget-container\">\n\t\t\t<h2 class=\"elementor-heading-title elementor-size-default\">nuestras oficinas<\/h2>\t\t<\/div>\n\t\t\t\t<\/div>\n\t\t\t\t\t<\/div>\n\t\t<\/div>\n\t\t\t\t\t\t\t<\/div>\n\t\t<\/section>\n\t\t\t\t<section class=\"elementor-section elementor-top-section elementor-element elementor-element-e84a7fd elementor-section-boxed elementor-section-height-default elementor-section-height-default\" data-id=\"e84a7fd\" data-element_type=\"section\">\n\t\t\t\t\t\t<div class=\"elementor-container elementor-column-gap-default\">\n\t\t\t\t\t<div class=\"elementor-column elementor-col-100 elementor-top-column elementor-element elementor-element-bbdb2c7\" data-id=\"bbdb2c7\" data-element_type=\"column\">\n\t\t\t<div class=\"elementor-widget-wrap elementor-element-populated\">\n\t\t\t\t\t\t\t\t<div class=\"elementor-element elementor-element-3fbf2cd elementor-widget elementor-widget-google_maps\" data-id=\"3fbf2cd\" data-element_type=\"widget\" data-widget_type=\"google_maps.default\">\n\t\t\t\t<div class=\"elementor-widget-container\">\n\t\t\t<div class=\"elementor-custom-embed\"><iframe frameborder=\"0\" scrolling=\"no\" marginheight=\"0\" marginwidth=\"0\" src=\"https:\/\/maps.google.com\/maps?q=-0.204084%20%2C-78.494988&amp;t=m&amp;z=17&amp;output=embed&amp;iwloc=near\" title=\"-0.204084 ,-78.494988\" aria-label=\"-0.204084 ,-78.494988\"><\/iframe><\/div>\t\t<\/div>\n\t\t\t\t<\/div>\n\t\t\t\t\t<\/div>\n\t\t<\/div>\n\t\t\t\t\t\t\t<\/div>\n\t\t<\/section>\n\t\t\t\t<section class=\"elementor-section elementor-top-section elementor-element elementor-element-1affe69 elementor-section-boxed elementor-section-height-default elementor-section-height-default\" data-id=\"1affe69\" data-element_type=\"section\">\n\t\t\t\t\t\t<div class=\"elementor-container elementor-column-gap-default\">\n\t\t\t\t\t<div class=\"elementor-column elementor-col-100 elementor-top-column elementor-element elementor-element-386bdd53\" data-id=\"386bdd53\" data-element_type=\"column\">\n\t\t\t<div class=\"elementor-widget-wrap elementor-element-populated\">\n\t\t\t\t\t\t\t\t<div class=\"elementor-element elementor-element-5692ee80 elementor-widget elementor-widget-text-editor\" data-id=\"5692ee80\" data-element_type=\"widget\" data-widget_type=\"text-editor.default\">\n\t\t\t\t<div class=\"elementor-widget-container\">\n\t\t\t\t\t\t\t\t<p> \n<ul id=\"cmsms_icon_list_items_69f39324a674a4_12844584\" class=\"cmsms_icon_list_items cmsms_icon_list_type_list cmsms_icon_list_pos_left cmsms_color_type_border\"><li id=\"cmsms_icon_list_item_69f39324a68929_59141340\" class=\"cmsms_icon_list_item cmsms-icon-location-3\">Av. Amazonas N21-147 y Ram\u00f3n Roca, Edificio R\u00edo Amazonas, Tercer Piso, Oficina 301<\/li><li id=\"cmsms_icon_list_item_69f39324a68cc4_00379754\" class=\"cmsms_icon_list_item cmsms-icon-phone-alt\"> (02) 2501029 \/ (02) 254-8041<\/li><li id=\"cmsms_icon_list_item_69f39324a68f03_00953880\" class=\"cmsms_icon_list_item cmsms-icon-mail-3\">info@finanfondo.com<\/li><\/ul><div class=\"cmsms_column one_third\">\n<\/div>\n<\/p><p><div id=\"cmsms_row_69f39324a694a6_14106686\" class=\"cmsms_row cmsms_color_scheme_default\">\n<div class=\"cmsms_row_outer_parent\">\n<div class=\"cmsms_row_outer\">\n<div class=\"cmsms_row_inner cmsms_row_fullwidth\">\n<div class=\"cmsms_row_margin\">\n<\/div>\n<\/div>\n<\/div>\n<\/div>\n<\/div>\n<div class=\"cmsms_column one_first\">\n<\/div>\n<\/p>\t\t\t\t\t\t<\/div>\n\t\t\t\t<\/div>\n\t\t\t\t\t<\/div>\n\t\t<\/div>\n\t\t\t\t\t\t\t<\/div>\n\t\t<\/section>\n\t\t\t\t<section class=\"elementor-section elementor-top-section elementor-element elementor-element-866cf95 elementor-section-boxed elementor-section-height-default elementor-section-height-default\" data-id=\"866cf95\" data-element_type=\"section\">\n\t\t\t\t\t\t<div class=\"elementor-container elementor-column-gap-default\">\n\t\t\t\t\t<div class=\"elementor-column elementor-col-100 elementor-top-column elementor-element elementor-element-8209549\" data-id=\"8209549\" data-element_type=\"column\">\n\t\t\t<div class=\"elementor-widget-wrap elementor-element-populated\">\n\t\t\t\t\t\t\t\t<div class=\"elementor-element elementor-element-c19bd78 elementor-widget elementor-widget-heading\" data-id=\"c19bd78\" data-element_type=\"widget\" data-widget_type=\"heading.default\">\n\t\t\t\t<div class=\"elementor-widget-container\">\n\t\t\t<h3 class=\"elementor-heading-title elementor-size-default\">SERVICIO AL CLIENTE<\/h3>\t\t<\/div>\n\t\t\t\t<\/div>\n\t\t\t\t\t<\/div>\n\t\t<\/div>\n\t\t\t\t\t\t\t<\/div>\n\t\t<\/section>\n\t\t\t\t<section class=\"elementor-section elementor-top-section elementor-element elementor-element-4539be0 elementor-section-boxed elementor-section-height-default elementor-section-height-default\" data-id=\"4539be0\" data-element_type=\"section\">\n\t\t\t\t\t\t<div class=\"elementor-container elementor-column-gap-default\">\n\t\t\t\t\t<div class=\"elementor-column elementor-col-50 elementor-top-column elementor-element elementor-element-0772090\" data-id=\"0772090\" data-element_type=\"column\">\n\t\t\t<div class=\"elementor-widget-wrap elementor-element-populated\">\n\t\t\t\t\t\t\t\t<div class=\"elementor-element elementor-element-3a296e6 elementor-widget elementor-widget-text-editor\" data-id=\"3a296e6\" data-element_type=\"widget\" data-widget_type=\"text-editor.default\">\n\t\t\t\t<div class=\"elementor-widget-container\">\n\t\t\t\t\t\t\t\t<p><strong>Vis\u00edtenos<\/strong><br \/>Av. Amazonas N21-147 t V. Ram\u00f3n Roca<br \/>Edificio R\u00edo Amazonas 3er. Piso Oficina 301.<\/p><p><strong>Horario de Atenci\u00f3n<\/strong><br \/>De Lunes a Viernes de 08:30 am a 13:00pm<br \/>Y de 14:00 pm a 16:30 pm<\/p><p><strong>COMUN\u00cdQUESE A LOS SIGUIENTES TEL\u00c9FONOS<\/strong><br \/><strong>EMILIO BASABE EXT. 104<\/strong><br \/>099 482 4067<br \/>02 254 8041 \/ 02 250 1029 EXT: 104<br \/>credito@finanfondo.com<\/p><p><strong>MAR\u00cdA JOS\u00c9 TACURI EXT. 105<\/strong><br \/>0984365232<br \/>02 254 8041 \/ 02 250 1029 EXT: 105<br \/>credito2@finanfondo.com<\/p>\t\t\t\t\t\t<\/div>\n\t\t\t\t<\/div>\n\t\t\t\t\t<\/div>\n\t\t<\/div>\n\t\t\t\t<div class=\"elementor-column elementor-col-50 elementor-top-column elementor-element elementor-element-0d11e29\" data-id=\"0d11e29\" data-element_type=\"column\">\n\t\t\t<div class=\"elementor-widget-wrap elementor-element-populated\">\n\t\t\t\t\t\t\t\t<div class=\"elementor-element elementor-element-c6f295e elementor-widget elementor-widget-text-editor\" data-id=\"c6f295e\" data-element_type=\"widget\" data-widget_type=\"text-editor.default\">\n\t\t\t\t<div class=\"elementor-widget-container\">\n\t\t\t\t\t\t\t\t<p>\u00a0<\/p><p style=\"text-align: center;\"><em>Del 28 al 6 todos los meses nos encontramos en proceso de cierre por lo que durante este tiempo no se puede acceder a consultas o procesos de cr\u00e9dito; sin embargo, recibimos solicitudes de pr\u00e9stamos para an\u00e1lisis a partir del 7 de cada mes.<\/em><\/p><p style=\"text-align: center;\"><br \/><strong>FINANFONDO ONLINE<\/strong><\/p><p style=\"text-align: center;\"><br \/>Puede navegar y consultar sus saldos de cr\u00e9dito y monto de cuenta individual en:<\/p><p style=\"text-align: center;\"><a href=\"https:\/\/finanfondo.com\">www.finanfondo.site<\/a><br \/><a href=\"http:\/\/www.facebook.com\/finanfondo\">www.facebook.com\/finanfondo<\/a><\/p>\t\t\t\t\t\t<\/div>\n\t\t\t\t<\/div>\n\t\t\t\t\t<\/div>\n\t\t<\/div>\n\t\t\t\t\t\t\t<\/div>\n\t\t<\/section>\n\t\t\t\t\t\t<\/div>\n\t\t\t\t\t<\/div>\n\t\t","protected":false},"excerpt":{"rendered":"<p>nuestras oficinas SERVICIO AL CLIENTE Vis\u00edtenosAv. Amazonas N21-147 t V. Ram\u00f3n RocaEdificio R\u00edo Amazonas 3er. Piso Oficina 301. Horario de Atenci\u00f3nDe Lunes a Viernes de 08:30 am a 13:00pmY de 14:00 pm a 16:30 pm COMUN\u00cdQUESE A LOS SIGUIENTES TEL\u00c9FONOSEMILIO BASABE EXT. 104099 482 406702 254 8041 \/ 02 250 1029 EXT: 104credito@finanfondo.com MAR\u00cdA JOS\u00c9&#8230;<\/p>\n","protected":false},"author":1,"featured_media":0,"parent":0,"menu_order":0,"comment_status":"closed","ping_status":"closed","template":"","meta":{"footnotes":""},"class_list":["post-18","page","type-page","status-publish","hentry"],"yoast_head":"<!-- This site is optimized with the Yoast SEO plugin v18.4.1 - https:\/\/yoast.com\/wordpress\/plugins\/seo\/ -->\n<title>Contacto - FINANFONDO<\/title>\n<meta name=\"robots\" content=\"index, follow, max-snippet:-1, max-image-preview:large, max-video-preview:-1\" \/>\n<link rel=\"canonical\" href=\"https:\/\/finanfondo.com\/index.php\/contacto\/\" \/>\n<meta property=\"og:locale\" content=\"es_ES\" \/>\n<meta property=\"og:type\" content=\"article\" \/>\n<meta property=\"og:title\" content=\"Contacto - FINANFONDO\" \/>\n<meta property=\"og:description\" content=\"nuestras oficinas SERVICIO AL CLIENTE Vis\u00edtenosAv. Amazonas N21-147 t V. Ram\u00f3n RocaEdificio R\u00edo Amazonas 3er. Piso Oficina 301. Horario de Atenci\u00f3nDe Lunes a Viernes de 08:30 am a 13:00pmY de 14:00 pm a 16:30 pm COMUN\u00cdQUESE A LOS SIGUIENTES TEL\u00c9FONOSEMILIO BASABE EXT. 104099 482 406702 254 8041 \/ 02 250 1029 EXT: 104credito@finanfondo.com MAR\u00cdA JOS\u00c9...\" \/>\n<meta property=\"og:url\" content=\"https:\/\/finanfondo.com\/index.php\/contacto\/\" \/>\n<meta property=\"og:site_name\" content=\"FINANFONDO\" \/>\n<meta property=\"article:modified_time\" content=\"2026-01-21T02:22:18+00:00\" \/>\n<meta name=\"twitter:card\" content=\"summary_large_image\" \/>\n<meta name=\"twitter:label1\" content=\"Tiempo de lectura\" \/>\n\t<meta name=\"twitter:data1\" content=\"1 minuto\" \/>\n<script type=\"application\/ld+json\" class=\"yoast-schema-graph\">{\"@context\":\"https:\/\/schema.org\",\"@graph\":[{\"@type\":\"WebSite\",\"@id\":\"https:\/\/finanfondo.com\/#website\",\"url\":\"https:\/\/finanfondo.com\/\",\"name\":\"FINANFONDO\",\"description\":\"FINANFONDO FCPC\",\"potentialAction\":[{\"@type\":\"SearchAction\",\"target\":{\"@type\":\"EntryPoint\",\"urlTemplate\":\"https:\/\/finanfondo.com\/?s={search_term_string}\"},\"query-input\":\"required name=search_term_string\"}],\"inLanguage\":\"es\"},{\"@type\":\"WebPage\",\"@id\":\"https:\/\/finanfondo.com\/index.php\/contacto\/#webpage\",\"url\":\"https:\/\/finanfondo.com\/index.php\/contacto\/\",\"name\":\"Contacto - FINANFONDO\",\"isPartOf\":{\"@id\":\"https:\/\/finanfondo.com\/#website\"},\"datePublished\":\"2015-03-19T14:26:46+00:00\",\"dateModified\":\"2026-01-21T02:22:18+00:00\",\"breadcrumb\":{\"@id\":\"https:\/\/finanfondo.com\/index.php\/contacto\/#breadcrumb\"},\"inLanguage\":\"es\",\"potentialAction\":[{\"@type\":\"ReadAction\",\"target\":[\"https:\/\/finanfondo.com\/index.php\/contacto\/\"]}]},{\"@type\":\"BreadcrumbList\",\"@id\":\"https:\/\/finanfondo.com\/index.php\/contacto\/#breadcrumb\",\"itemListElement\":[{\"@type\":\"ListItem\",\"position\":1,\"name\":\"Portada\",\"item\":\"https:\/\/finanfondo.com\/\"},{\"@type\":\"ListItem\",\"position\":2,\"name\":\"Contacto\"}]}]}<\/script>\n<!-- \/ Yoast SEO plugin. -->","yoast_head_json":{"title":"Contacto - FINANFONDO","robots":{"index":"index","follow":"follow","max-snippet":"max-snippet:-1","max-image-preview":"max-image-preview:large","max-video-preview":"max-video-preview:-1"},"canonical":"https:\/\/finanfondo.com\/index.php\/contacto\/","og_locale":"es_ES","og_type":"article","og_title":"Contacto - FINANFONDO","og_description":"nuestras oficinas SERVICIO AL CLIENTE Vis\u00edtenosAv. Amazonas N21-147 t V. Ram\u00f3n RocaEdificio R\u00edo Amazonas 3er. Piso Oficina 301. Horario de Atenci\u00f3nDe Lunes a Viernes de 08:30 am a 13:00pmY de 14:00 pm a 16:30 pm COMUN\u00cdQUESE A LOS SIGUIENTES TEL\u00c9FONOSEMILIO BASABE EXT. 104099 482 406702 254 8041 \/ 02 250 1029 EXT: 104credito@finanfondo.com MAR\u00cdA JOS\u00c9...","og_url":"https:\/\/finanfondo.com\/index.php\/contacto\/","og_site_name":"FINANFONDO","article_modified_time":"2026-01-21T02:22:18+00:00","twitter_card":"summary_large_image","twitter_misc":{"Tiempo de lectura":"1 minuto"},"schema":{"@context":"https:\/\/schema.org","@graph":[{"@type":"WebSite","@id":"https:\/\/finanfondo.com\/#website","url":"https:\/\/finanfondo.com\/","name":"FINANFONDO","description":"FINANFONDO FCPC","potentialAction":[{"@type":"SearchAction","target":{"@type":"EntryPoint","urlTemplate":"https:\/\/finanfondo.com\/?s={search_term_string}"},"query-input":"required name=search_term_string"}],"inLanguage":"es"},{"@type":"WebPage","@id":"https:\/\/finanfondo.com\/index.php\/contacto\/#webpage","url":"https:\/\/finanfondo.com\/index.php\/contacto\/","name":"Contacto - FINANFONDO","isPartOf":{"@id":"https:\/\/finanfondo.com\/#website"},"datePublished":"2015-03-19T14:26:46+00:00","dateModified":"2026-01-21T02:22:18+00:00","breadcrumb":{"@id":"https:\/\/finanfondo.com\/index.php\/contacto\/#breadcrumb"},"inLanguage":"es","potentialAction":[{"@type":"ReadAction","target":["https:\/\/finanfondo.com\/index.php\/contacto\/"]}]},{"@type":"BreadcrumbList","@id":"https:\/\/finanfondo.com\/index.php\/contacto\/#breadcrumb","itemListElement":[{"@type":"ListItem","position":1,"name":"Portada","item":"https:\/\/finanfondo.com\/"},{"@type":"ListItem","position":2,"name":"Contacto"}]}]}},"_links":{"self":[{"href":"https:\/\/finanfondo.com\/index.php\/wp-json\/wp\/v2\/pages\/18","targetHints":{"allow":["GET"]}}],"collection":[{"href":"https:\/\/finanfondo.com\/index.php\/wp-json\/wp\/v2\/pages"}],"about":[{"href":"https:\/\/finanfondo.com\/index.php\/wp-json\/wp\/v2\/types\/page"}],"author":[{"embeddable":true,"href":"https:\/\/finanfondo.com\/index.php\/wp-json\/wp\/v2\/users\/1"}],"replies":[{"embeddable":true,"href":"https:\/\/finanfondo.com\/index.php\/wp-json\/wp\/v2\/comments?post=18"}],"version-history":[{"count":55,"href":"https:\/\/finanfondo.com\/index.php\/wp-json\/wp\/v2\/pages\/18\/revisions"}],"predecessor-version":[{"id":7069,"href":"https:\/\/finanfondo.com\/index.php\/wp-json\/wp\/v2\/pages\/18\/revisions\/7069"}],"wp:attachment":[{"href":"https:\/\/finanfondo.com\/index.php\/wp-json\/wp\/v2\/media?parent=18"}],"curies":[{"name":"wp","href":"https:\/\/api.w.org\/{rel}","templated":true}]}}