{"id":6329,"date":"2022-08-31T15:12:36","date_gmt":"2022-08-31T20:12:36","guid":{"rendered":"https:\/\/finanfondo.com\/?page_id=6329"},"modified":"2022-10-11T21:12:57","modified_gmt":"2022-10-12T02:12:57","slug":"consejo","status":"publish","type":"page","link":"https:\/\/finanfondo.com\/index.php\/consejo\/","title":{"rendered":"Concurso de M\u00e9rito y Oposici\u00f3n Representante"},"content":{"rendered":"<style type=\"text\/css\"><\/style>\t\t<div data-elementor-type=\"wp-page\" data-elementor-id=\"6329\" class=\"elementor elementor-6329\" data-elementor-settings=\"[]\">\n\t\t\t\t\t\t\t<div class=\"elementor-section-wrap\">\n\t\t\t\t\t\t\t<section class=\"elementor-section elementor-top-section elementor-element elementor-element-5ca652a elementor-section-height-min-height elementor-section-boxed elementor-section-height-default elementor-section-items-middle\" data-id=\"5ca652a\" data-element_type=\"section\" data-settings=\"{&quot;background_background&quot;:&quot;classic&quot;}\">\n\t\t\t\t\t\t<div class=\"elementor-container elementor-column-gap-no\">\n\t\t\t\t\t<div class=\"elementor-column elementor-col-100 elementor-top-column elementor-element elementor-element-b4c9a7a\" data-id=\"b4c9a7a\" data-element_type=\"column\">\n\t\t\t<div class=\"elementor-widget-wrap elementor-element-populated\">\n\t\t\t\t\t\t\t\t<div class=\"elementor-element elementor-element-5c6a8cf elementor-widget elementor-widget-heading\" data-id=\"5c6a8cf\" data-element_type=\"widget\" data-widget_type=\"heading.default\">\n\t\t\t\t<div class=\"elementor-widget-container\">\n\t\t\t<h2 class=\"elementor-heading-title elementor-size-default\">Concurso de m\u00e9rito y oposici\u00f3n<\/h2>\t\t<\/div>\n\t\t\t\t<\/div>\n\t\t\t\t\t<\/div>\n\t\t<\/div>\n\t\t\t\t\t\t\t<\/div>\n\t\t<\/section>\n\t\t\t\t<section class=\"elementor-section elementor-top-section elementor-element elementor-element-b5ba266 elementor-section-boxed elementor-section-height-default elementor-section-height-default\" data-id=\"b5ba266\" data-element_type=\"section\">\n\t\t\t\t\t\t<div class=\"elementor-container elementor-column-gap-default\">\n\t\t\t\t\t<div class=\"elementor-column elementor-col-100 elementor-top-column elementor-element elementor-element-b9cea9d\" data-id=\"b9cea9d\" data-element_type=\"column\">\n\t\t\t<div class=\"elementor-widget-wrap elementor-element-populated\">\n\t\t\t\t\t\t\t\t<div class=\"elementor-element elementor-element-df25d5a elementor-widget elementor-widget-spacer\" data-id=\"df25d5a\" data-element_type=\"widget\" data-widget_type=\"spacer.default\">\n\t\t\t\t<div class=\"elementor-widget-container\">\n\t\t\t\t\t<div class=\"elementor-spacer\">\n\t\t\t<div class=\"elementor-spacer-inner\"><\/div>\n\t\t<\/div>\n\t\t\t\t<\/div>\n\t\t\t\t<\/div>\n\t\t\t\t\t<\/div>\n\t\t<\/div>\n\t\t\t\t\t\t\t<\/div>\n\t\t<\/section>\n\t\t\t\t<section class=\"elementor-section elementor-top-section elementor-element elementor-element-8887f28 elementor-section-boxed elementor-section-height-default elementor-section-height-default\" data-id=\"8887f28\" data-element_type=\"section\">\n\t\t\t\t\t\t<div class=\"elementor-container elementor-column-gap-default\">\n\t\t\t\t\t<div class=\"elementor-column elementor-col-100 elementor-top-column elementor-element elementor-element-66d663c\" data-id=\"66d663c\" data-element_type=\"column\">\n\t\t\t<div class=\"elementor-widget-wrap elementor-element-populated\">\n\t\t\t\t\t\t\t\t<div class=\"elementor-element elementor-element-e42ce61 elementor-widget-divider--view-line elementor-widget elementor-widget-divider\" data-id=\"e42ce61\" data-element_type=\"widget\" data-widget_type=\"divider.default\">\n\t\t\t\t<div class=\"elementor-widget-container\">\n\t\t\t\t\t<div class=\"elementor-divider\">\n\t\t\t<span class=\"elementor-divider-separator\">\n\t\t\t\t\t\t<\/span>\n\t\t<\/div>\n\t\t\t\t<\/div>\n\t\t\t\t<\/div>\n\t\t\t\t\t<\/div>\n\t\t<\/div>\n\t\t\t\t\t\t\t<\/div>\n\t\t<\/section>\n\t\t\t\t<section class=\"elementor-section elementor-top-section elementor-element elementor-element-891f25d elementor-section-boxed elementor-section-height-default elementor-section-height-default\" data-id=\"891f25d\" data-element_type=\"section\">\n\t\t\t\t\t\t<div class=\"elementor-container elementor-column-gap-default\">\n\t\t\t\t\t<div class=\"elementor-column elementor-col-100 elementor-top-column elementor-element elementor-element-176cd88\" data-id=\"176cd88\" data-element_type=\"column\">\n\t\t\t<div class=\"elementor-widget-wrap elementor-element-populated\">\n\t\t\t\t\t\t\t\t<div class=\"elementor-element elementor-element-998c980 elementor-widget elementor-widget-heading\" data-id=\"998c980\" data-element_type=\"widget\" data-widget_type=\"heading.default\">\n\t\t\t\t<div class=\"elementor-widget-container\">\n\t\t\t<h2 class=\"elementor-heading-title elementor-size-default\">CONCURSO DE M\u00c9RITO Y OPOSICI\u00d3N REPRESENTANTE\n<\/h2>\t\t<\/div>\n\t\t\t\t<\/div>\n\t\t\t\t\t<\/div>\n\t\t<\/div>\n\t\t\t\t\t\t\t<\/div>\n\t\t<\/section>\n\t\t\t\t<section class=\"elementor-section elementor-top-section elementor-element elementor-element-a55d469 elementor-section-boxed elementor-section-height-default elementor-section-height-default\" data-id=\"a55d469\" data-element_type=\"section\">\n\t\t\t\t\t\t<div class=\"elementor-container elementor-column-gap-default\">\n\t\t\t\t\t<div class=\"elementor-column elementor-col-100 elementor-top-column elementor-element elementor-element-b3a254e\" data-id=\"b3a254e\" data-element_type=\"column\">\n\t\t\t<div class=\"elementor-widget-wrap elementor-element-populated\">\n\t\t\t\t\t\t\t\t<div class=\"elementor-element elementor-element-3513487 elementor-icon-list--layout-traditional elementor-list-item-link-full_width elementor-widget elementor-widget-icon-list\" data-id=\"3513487\" data-element_type=\"widget\" data-widget_type=\"icon-list.default\">\n\t\t\t\t<div class=\"elementor-widget-container\">\n\t\t\t\t\t<ul class=\"elementor-icon-list-items\">\n\t\t\t\t\t\t\t<li class=\"elementor-icon-list-item\">\n\t\t\t\t\t<a href=\"https:\/\/finanfondo.com\/wp-content\/uploads\/2019\/12\/CONVOCATORIA_CONCURSO_DE_MERITOS_Y_OPOSICION_PARA_GERENTE.pdf\" target=\"_blank\">\t\t\t\t\t\t<span class=\"elementor-icon-list-icon\">\n\t\t\t\t\t\t\t<i aria-hidden=\"true\" class=\"fas fa-cloud-download-alt\"><\/i>\t\t\t\t\t\t<\/span>\n\t\t\t\t\t\t\t\t\t\t<span class=\"elementor-icon-list-text\">Descargue la convocatoria del concurso de m\u00e9rito y oposici\u00f3n para representante<\/span>\n\t\t\t\t\t\t\t\t\t\t\t<\/a>\n\t\t\t\t\t\t\t\t\t<\/li>\n\t\t\t\t\t\t\t\t<li class=\"elementor-icon-list-item\">\n\t\t\t\t\t<a href=\"https:\/\/finanfondo.com\/wp-content\/uploads\/2019\/12\/INFORME_CONVOCATORIA_REPRESENTANTE_LEGAL-signed-signed-signed.pdf\" target=\"_blank\">\t\t\t\t\t\t<span class=\"elementor-icon-list-icon\">\n\t\t\t\t\t\t\t<i aria-hidden=\"true\" class=\"fas fa-cloud-download-alt\"><\/i>\t\t\t\t\t\t<\/span>\n\t\t\t\t\t\t\t\t\t\t<span class=\"elementor-icon-list-text\">Descargue el Informe Convocatoria Representante Legal<\/span>\n\t\t\t\t\t\t\t\t\t\t\t<\/a>\n\t\t\t\t\t\t\t\t\t<\/li>\n\t\t\t\t\t\t\t\t<li class=\"elementor-icon-list-item\">\n\t\t\t\t\t<a href=\"https:\/\/finanfondo.com\/wp-content\/uploads\/2019\/12\/MATRIZ-EVALUACION-POSTULANTES.xlsx\" target=\"_blank\">\t\t\t\t\t\t<span class=\"elementor-icon-list-icon\">\n\t\t\t\t\t\t\t<i aria-hidden=\"true\" class=\"fas fa-cloud-download-alt\"><\/i>\t\t\t\t\t\t<\/span>\n\t\t\t\t\t\t\t\t\t\t<span class=\"elementor-icon-list-text\">Descargue la Matriz de Evaluaci\u00f3n de Postulantes<\/span>\n\t\t\t\t\t\t\t\t\t\t\t<\/a>\n\t\t\t\t\t\t\t\t\t<\/li>\n\t\t\t\t\t\t\t\t<li class=\"elementor-icon-list-item\">\n\t\t\t\t\t<a href=\"https:\/\/finanfondo.com\/wp-content\/uploads\/2019\/12\/CRONOGRAMA.pdf\" target=\"_blank\">\t\t\t\t\t\t<span class=\"elementor-icon-list-icon\">\n\t\t\t\t\t\t\t<i aria-hidden=\"true\" class=\"fas fa-cloud-download-alt\"><\/i>\t\t\t\t\t\t<\/span>\n\t\t\t\t\t\t\t\t\t\t<span class=\"elementor-icon-list-text\">Descargue el Cronograma<\/span>\n\t\t\t\t\t\t\t\t\t\t\t<\/a>\n\t\t\t\t\t\t\t\t\t<\/li>\n\t\t\t\t\t\t\t\t<li class=\"elementor-icon-list-item\">\n\t\t\t\t\t<a href=\"https:\/\/finanfondo.com\/wp-content\/uploads\/2019\/12\/INFORME_EVALUACION_ESCRITA_REPRESENTANTE_LEGAL.pdf\" target=\"_blank\">\t\t\t\t\t\t<span class=\"elementor-icon-list-icon\">\n\t\t\t\t\t\t\t<i aria-hidden=\"true\" class=\"fas fa-cloud-download-alt\"><\/i>\t\t\t\t\t\t<\/span>\n\t\t\t\t\t\t\t\t\t\t<span class=\"elementor-icon-list-text\">Descargue el Informe Evaluaci\u00f3n Escrita Representante Legal<\/span>\n\t\t\t\t\t\t\t\t\t\t\t<\/a>\n\t\t\t\t\t\t\t\t\t<\/li>\n\t\t\t\t\t\t\t\t<li class=\"elementor-icon-list-item\">\n\t\t\t\t\t<a href=\"https:\/\/finanfondo.com\/wp-content\/uploads\/2019\/12\/Impugnacion_de_la_Postulante_Vicky_Villacreses-signed.pdf\" target=\"_blank\">\t\t\t\t\t\t<span class=\"elementor-icon-list-icon\">\n\t\t\t\t\t\t\t<i aria-hidden=\"true\" class=\"fas fa-cloud-download-alt\"><\/i>\t\t\t\t\t\t<\/span>\n\t\t\t\t\t\t\t\t\t\t<span class=\"elementor-icon-list-text\">Descargue la Impugnaci\u00f3n de la Postulante Vicky Villacreses<\/span>\n\t\t\t\t\t\t\t\t\t\t\t<\/a>\n\t\t\t\t\t\t\t\t\t<\/li>\n\t\t\t\t\t\t\t\t<li class=\"elementor-icon-list-item\">\n\t\t\t\t\t<a href=\"https:\/\/finanfondo.com\/wp-content\/uploads\/2019\/12\/13_convocatoria-signed.pdf\" target=\"_blank\">\t\t\t\t\t\t<span class=\"elementor-icon-list-icon\">\n\t\t\t\t\t\t\t<i aria-hidden=\"true\" class=\"fas fa-cloud-download-alt\"><\/i>\t\t\t\t\t\t<\/span>\n\t\t\t\t\t\t\t\t\t\t<span class=\"elementor-icon-list-text\">Descargue la Convocatoria 13va a la Asamblea General Extraordinaria Virtual 2022<\/span>\n\t\t\t\t\t\t\t\t\t\t\t<\/a>\n\t\t\t\t\t\t\t\t\t<\/li>\n\t\t\t\t\t\t\t\t<li class=\"elementor-icon-list-item\">\n\t\t\t\t\t<a href=\"https:\/\/finanfondo.com\/wp-content\/uploads\/2019\/12\/INFORME_ENTREVISTA_FINAL.pdf\" target=\"_blank\">\t\t\t\t\t\t<span class=\"elementor-icon-list-icon\">\n\t\t\t\t\t\t\t<i aria-hidden=\"true\" class=\"fas fa-cloud-download-alt\"><\/i>\t\t\t\t\t\t<\/span>\n\t\t\t\t\t\t\t\t\t\t<span class=\"elementor-icon-list-text\"> Descargue el Informe Entrevista Final<\/span>\n\t\t\t\t\t\t\t\t\t\t\t<\/a>\n\t\t\t\t\t\t\t\t\t<\/li>\n\t\t\t\t\t\t\t\t<li class=\"elementor-icon-list-item\">\n\t\t\t\t\t<a href=\"https:\/\/finanfondo.com\/wp-content\/uploads\/2019\/12\/CA-F-2022-004_POSTULANTES_REPRESENTANTE.pdf\" target=\"_blank\">\t\t\t\t\t\t<span class=\"elementor-icon-list-icon\">\n\t\t\t\t\t\t\t<i aria-hidden=\"true\" class=\"fas fa-cloud-download-alt\"><\/i>\t\t\t\t\t\t<\/span>\n\t\t\t\t\t\t\t\t\t\t<span class=\"elementor-icon-list-text\"> Descargue el Oficio CA-F-2022-004<\/span>\n\t\t\t\t\t\t\t\t\t\t\t<\/a>\n\t\t\t\t\t\t\t\t\t<\/li>\n\t\t\t\t\t\t\t\t<li class=\"elementor-icon-list-item\">\n\t\t\t\t\t<a href=\"https:\/\/finanfondo.com\/wp-content\/uploads\/2019\/12\/CV_KARLA_MARGARITA_RAMIREZ_CORRAL.pdf\" target=\"_blank\">\t\t\t\t\t\t<span class=\"elementor-icon-list-icon\">\n\t\t\t\t\t\t\t<i aria-hidden=\"true\" class=\"fas fa-cloud-download-alt\"><\/i>\t\t\t\t\t\t<\/span>\n\t\t\t\t\t\t\t\t\t\t<span class=\"elementor-icon-list-text\"> Descargue el CV Karla Margarita Ram\u00edrez Corral<\/span>\n\t\t\t\t\t\t\t\t\t\t\t<\/a>\n\t\t\t\t\t\t\t\t\t<\/li>\n\t\t\t\t\t\t\t\t<li class=\"elementor-icon-list-item\">\n\t\t\t\t\t<a href=\"https:\/\/finanfondo.com\/wp-content\/uploads\/2019\/12\/CV_VICKY_ALEJANDRA_VILLACRESES_ARAUZ.pdf\" target=\"_blank\">\t\t\t\t\t\t<span class=\"elementor-icon-list-icon\">\n\t\t\t\t\t\t\t<i aria-hidden=\"true\" class=\"fas fa-cloud-download-alt\"><\/i>\t\t\t\t\t\t<\/span>\n\t\t\t\t\t\t\t\t\t\t<span class=\"elementor-icon-list-text\"> Descargue el CV Vicky Alejandra Villacreses Arauz<\/span>\n\t\t\t\t\t\t\t\t\t\t\t<\/a>\n\t\t\t\t\t\t\t\t\t<\/li>\n\t\t\t\t\t\t<\/ul>\n\t\t\t\t<\/div>\n\t\t\t\t<\/div>\n\t\t\t\t\t<\/div>\n\t\t<\/div>\n\t\t\t\t\t\t\t<\/div>\n\t\t<\/section>\n\t\t\t\t\t\t<\/div>\n\t\t\t\t\t<\/div>\n\t\t","protected":false},"excerpt":{"rendered":"<p>Concurso de m\u00e9rito y oposici\u00f3n CONCURSO DE M\u00c9RITO Y OPOSICI\u00d3N REPRESENTANTE Descargue la convocatoria del concurso de m\u00e9rito y oposici\u00f3n para representante Descargue el Informe Convocatoria Representante Legal Descargue la Matriz de Evaluaci\u00f3n de Postulantes Descargue el Cronograma Descargue el Informe Evaluaci\u00f3n Escrita Representante Legal Descargue la Impugnaci\u00f3n de la Postulante Vicky Villacreses Descargue la&#8230;<\/p>\n","protected":false},"author":1,"featured_media":0,"parent":0,"menu_order":0,"comment_status":"closed","ping_status":"closed","template":"","meta":{"footnotes":""},"class_list":["post-6329","page","type-page","status-publish","hentry"],"yoast_head":"<!-- This site is optimized with the Yoast SEO plugin v18.4.1 - https:\/\/yoast.com\/wordpress\/plugins\/seo\/ -->\n<title>Concurso de M\u00e9rito y Oposici\u00f3n Representante - FINANFONDO<\/title>\n<meta name=\"robots\" content=\"index, follow, max-snippet:-1, max-image-preview:large, max-video-preview:-1\" \/>\n<link rel=\"canonical\" href=\"https:\/\/finanfondo.com\/index.php\/consejo\/\" \/>\n<meta property=\"og:locale\" content=\"es_ES\" \/>\n<meta property=\"og:type\" content=\"article\" \/>\n<meta property=\"og:title\" content=\"Concurso de M\u00e9rito y Oposici\u00f3n Representante - FINANFONDO\" \/>\n<meta property=\"og:description\" content=\"Concurso de m\u00e9rito y oposici\u00f3n CONCURSO DE M\u00c9RITO Y OPOSICI\u00d3N REPRESENTANTE Descargue la convocatoria del concurso de m\u00e9rito y oposici\u00f3n para representante Descargue el Informe Convocatoria Representante Legal Descargue la Matriz de Evaluaci\u00f3n de Postulantes Descargue el Cronograma Descargue el Informe Evaluaci\u00f3n Escrita Representante Legal Descargue la Impugnaci\u00f3n de la Postulante Vicky Villacreses Descargue la...\" \/>\n<meta property=\"og:url\" content=\"https:\/\/finanfondo.com\/index.php\/consejo\/\" \/>\n<meta property=\"og:site_name\" content=\"FINANFONDO\" \/>\n<meta property=\"article:modified_time\" content=\"2022-10-12T02:12:57+00:00\" \/>\n<meta name=\"twitter:card\" content=\"summary_large_image\" \/>\n<meta name=\"twitter:label1\" content=\"Tiempo de lectura\" \/>\n\t<meta name=\"twitter:data1\" content=\"1 minuto\" \/>\n<script type=\"application\/ld+json\" class=\"yoast-schema-graph\">{\"@context\":\"https:\/\/schema.org\",\"@graph\":[{\"@type\":\"WebSite\",\"@id\":\"https:\/\/finanfondo.com\/#website\",\"url\":\"https:\/\/finanfondo.com\/\",\"name\":\"FINANFONDO\",\"description\":\"FINANFONDO FCPC\",\"potentialAction\":[{\"@type\":\"SearchAction\",\"target\":{\"@type\":\"EntryPoint\",\"urlTemplate\":\"https:\/\/finanfondo.com\/?s={search_term_string}\"},\"query-input\":\"required name=search_term_string\"}],\"inLanguage\":\"es\"},{\"@type\":\"WebPage\",\"@id\":\"https:\/\/finanfondo.com\/index.php\/consejo\/#webpage\",\"url\":\"https:\/\/finanfondo.com\/index.php\/consejo\/\",\"name\":\"Concurso de M\u00e9rito y Oposici\u00f3n Representante - FINANFONDO\",\"isPartOf\":{\"@id\":\"https:\/\/finanfondo.com\/#website\"},\"datePublished\":\"2022-08-31T20:12:36+00:00\",\"dateModified\":\"2022-10-12T02:12:57+00:00\",\"breadcrumb\":{\"@id\":\"https:\/\/finanfondo.com\/index.php\/consejo\/#breadcrumb\"},\"inLanguage\":\"es\",\"potentialAction\":[{\"@type\":\"ReadAction\",\"target\":[\"https:\/\/finanfondo.com\/index.php\/consejo\/\"]}]},{\"@type\":\"BreadcrumbList\",\"@id\":\"https:\/\/finanfondo.com\/index.php\/consejo\/#breadcrumb\",\"itemListElement\":[{\"@type\":\"ListItem\",\"position\":1,\"name\":\"Portada\",\"item\":\"https:\/\/finanfondo.com\/\"},{\"@type\":\"ListItem\",\"position\":2,\"name\":\"Concurso de M\u00e9rito y Oposici\u00f3n Representante\"}]}]}<\/script>\n<!-- \/ Yoast SEO plugin. -->","yoast_head_json":{"title":"Concurso de M\u00e9rito y Oposici\u00f3n Representante - FINANFONDO","robots":{"index":"index","follow":"follow","max-snippet":"max-snippet:-1","max-image-preview":"max-image-preview:large","max-video-preview":"max-video-preview:-1"},"canonical":"https:\/\/finanfondo.com\/index.php\/consejo\/","og_locale":"es_ES","og_type":"article","og_title":"Concurso de M\u00e9rito y Oposici\u00f3n Representante - FINANFONDO","og_description":"Concurso de m\u00e9rito y oposici\u00f3n CONCURSO DE M\u00c9RITO Y OPOSICI\u00d3N REPRESENTANTE Descargue la convocatoria del concurso de m\u00e9rito y oposici\u00f3n para representante Descargue el Informe Convocatoria Representante Legal Descargue la Matriz de Evaluaci\u00f3n de Postulantes Descargue el Cronograma Descargue el Informe Evaluaci\u00f3n Escrita Representante Legal Descargue la Impugnaci\u00f3n de la Postulante Vicky Villacreses Descargue la...","og_url":"https:\/\/finanfondo.com\/index.php\/consejo\/","og_site_name":"FINANFONDO","article_modified_time":"2022-10-12T02:12:57+00:00","twitter_card":"summary_large_image","twitter_misc":{"Tiempo de lectura":"1 minuto"},"schema":{"@context":"https:\/\/schema.org","@graph":[{"@type":"WebSite","@id":"https:\/\/finanfondo.com\/#website","url":"https:\/\/finanfondo.com\/","name":"FINANFONDO","description":"FINANFONDO FCPC","potentialAction":[{"@type":"SearchAction","target":{"@type":"EntryPoint","urlTemplate":"https:\/\/finanfondo.com\/?s={search_term_string}"},"query-input":"required name=search_term_string"}],"inLanguage":"es"},{"@type":"WebPage","@id":"https:\/\/finanfondo.com\/index.php\/consejo\/#webpage","url":"https:\/\/finanfondo.com\/index.php\/consejo\/","name":"Concurso de M\u00e9rito y Oposici\u00f3n Representante - FINANFONDO","isPartOf":{"@id":"https:\/\/finanfondo.com\/#website"},"datePublished":"2022-08-31T20:12:36+00:00","dateModified":"2022-10-12T02:12:57+00:00","breadcrumb":{"@id":"https:\/\/finanfondo.com\/index.php\/consejo\/#breadcrumb"},"inLanguage":"es","potentialAction":[{"@type":"ReadAction","target":["https:\/\/finanfondo.com\/index.php\/consejo\/"]}]},{"@type":"BreadcrumbList","@id":"https:\/\/finanfondo.com\/index.php\/consejo\/#breadcrumb","itemListElement":[{"@type":"ListItem","position":1,"name":"Portada","item":"https:\/\/finanfondo.com\/"},{"@type":"ListItem","position":2,"name":"Concurso de M\u00e9rito y Oposici\u00f3n Representante"}]}]}},"_links":{"self":[{"href":"https:\/\/finanfondo.com\/index.php\/wp-json\/wp\/v2\/pages\/6329","targetHints":{"allow":["GET"]}}],"collection":[{"href":"https:\/\/finanfondo.com\/index.php\/wp-json\/wp\/v2\/pages"}],"about":[{"href":"https:\/\/finanfondo.com\/index.php\/wp-json\/wp\/v2\/types\/page"}],"author":[{"embeddable":true,"href":"https:\/\/finanfondo.com\/index.php\/wp-json\/wp\/v2\/users\/1"}],"replies":[{"embeddable":true,"href":"https:\/\/finanfondo.com\/index.php\/wp-json\/wp\/v2\/comments?post=6329"}],"version-history":[{"count":114,"href":"https:\/\/finanfondo.com\/index.php\/wp-json\/wp\/v2\/pages\/6329\/revisions"}],"predecessor-version":[{"id":6468,"href":"https:\/\/finanfondo.com\/index.php\/wp-json\/wp\/v2\/pages\/6329\/revisions\/6468"}],"wp:attachment":[{"href":"https:\/\/finanfondo.com\/index.php\/wp-json\/wp\/v2\/media?parent=6329"}],"curies":[{"name":"wp","href":"https:\/\/api.w.org\/{rel}","templated":true}]}}