{"id":6931,"date":"2025-03-07T15:43:44","date_gmt":"2025-03-07T20:43:44","guid":{"rendered":"https:\/\/finanfondo.site\/?page_id=6931"},"modified":"2025-05-14T17:57:01","modified_gmt":"2025-05-14T22:57:01","slug":"defensa-al-participe","status":"publish","type":"page","link":"https:\/\/finanfondo.com\/index.php\/defensa-al-participe\/","title":{"rendered":"Defensa al Part\u00edcipe"},"content":{"rendered":"<style type=\"text\/css\"><\/style>\t\t<div data-elementor-type=\"wp-page\" data-elementor-id=\"6931\" class=\"elementor elementor-6931\" data-elementor-settings=\"[]\">\n\t\t\t\t\t\t\t<div class=\"elementor-section-wrap\">\n\t\t\t\t\t\t\t<section class=\"elementor-section elementor-top-section elementor-element elementor-element-a687fd2 elementor-section-boxed elementor-section-height-default elementor-section-height-default\" data-id=\"a687fd2\" data-element_type=\"section\">\n\t\t\t\t\t\t<div class=\"elementor-container elementor-column-gap-default\">\n\t\t\t\t\t<div class=\"elementor-column elementor-col-100 elementor-top-column elementor-element elementor-element-37ebc7d\" data-id=\"37ebc7d\" data-element_type=\"column\">\n\t\t\t<div class=\"elementor-widget-wrap elementor-element-populated\">\n\t\t\t\t\t\t\t\t<div class=\"elementor-element elementor-element-826c922 elementor-widget elementor-widget-heading\" data-id=\"826c922\" data-element_type=\"widget\" data-widget_type=\"heading.default\">\n\t\t\t\t<div class=\"elementor-widget-container\">\n\t\t\t<h2 class=\"elementor-heading-title elementor-size-default\">\u00bfTienes una consulta, queja o reclamo?<\/h2>\t\t<\/div>\n\t\t\t\t<\/div>\n\t\t\t\t<div class=\"elementor-element elementor-element-14b02e7 elementor-widget elementor-widget-text-editor\" data-id=\"14b02e7\" data-element_type=\"widget\" data-widget_type=\"text-editor.default\">\n\t\t\t\t<div class=\"elementor-widget-container\">\n\t\t\t\t\t\t\t\t<p>En Finanfondo FCPC trabajamos para garantizar tus derechos como part\u00edcipe, brind\u00e1ndote una atenci\u00f3n transparente, imparcial y oportuna.<\/p><p>La atenci\u00f3n de consultas, quejas y reclamos est\u00e1 a cargo de la Defensor\u00eda del Part\u00edcipe, conforme a lo dispuesto en la normativa vigente y bajo la supervisi\u00f3n de la Superintendencia de Bancos<\/p>\t\t\t\t\t\t<\/div>\n\t\t\t\t<\/div>\n\t\t\t\t<div class=\"elementor-element elementor-element-65bdc05 elementor-widget elementor-widget-heading\" data-id=\"65bdc05\" data-element_type=\"widget\" data-widget_type=\"heading.default\">\n\t\t\t\t<div class=\"elementor-widget-container\">\n\t\t\t<h2 class=\"elementor-heading-title elementor-size-default\">\u00bfC\u00f3mo presentar una consulta, queja o reclamo?<\/h2>\t\t<\/div>\n\t\t\t\t<\/div>\n\t\t\t\t<div class=\"elementor-element elementor-element-9363c27 elementor-widget elementor-widget-text-editor\" data-id=\"9363c27\" data-element_type=\"widget\" data-widget_type=\"text-editor.default\">\n\t\t\t\t<div class=\"elementor-widget-container\">\n\t\t\t\t\t\t\t\t<p>Puedes presentarla a trav\u00e9s de los siguientes canales:<\/p><ul><li>De forma presencial o por correo electr\u00f3nico, utilizando el formulario en formato PDF.<\/li><\/ul>\t\t\t\t\t\t<\/div>\n\t\t\t\t<\/div>\n\t\t\t\t<div class=\"elementor-element elementor-element-e6c1f1d elementor-icon-list--layout-traditional elementor-list-item-link-full_width elementor-widget elementor-widget-icon-list\" data-id=\"e6c1f1d\" data-element_type=\"widget\" data-widget_type=\"icon-list.default\">\n\t\t\t\t<div class=\"elementor-widget-container\">\n\t\t\t\t\t<ul class=\"elementor-icon-list-items\">\n\t\t\t\t\t\t\t<li class=\"elementor-icon-list-item\">\n\t\t\t\t\t<a href=\"https:\/\/finanfondo.com\/wp-content\/uploads\/2025\/05\/FORMULARIO-QUEJA-RECLAMO.pdf\">\t\t\t\t\t\t<span class=\"elementor-icon-list-icon\">\n\t\t\t\t\t\t\t<i aria-hidden=\"true\" class=\"fas fa-cloud-download-alt\"><\/i>\t\t\t\t\t\t<\/span>\n\t\t\t\t\t\t\t\t\t\t<span class=\"elementor-icon-list-text\">Descargar formulario<\/span>\n\t\t\t\t\t\t\t\t\t\t\t<\/a>\n\t\t\t\t\t\t\t\t\t<\/li>\n\t\t\t\t\t\t<\/ul>\n\t\t\t\t<\/div>\n\t\t\t\t<\/div>\n\t\t\t\t<div class=\"elementor-element elementor-element-2d61939 elementor-widget elementor-widget-text-editor\" data-id=\"2d61939\" data-element_type=\"widget\" data-widget_type=\"text-editor.default\">\n\t\t\t\t<div class=\"elementor-widget-container\">\n\t\t\t\t\t\t\t\t<ul><li>Mediante el formulario en l\u00ednea, en caso de no poder presentarla por los medios anteriores.<\/li><\/ul>\t\t\t\t\t\t<\/div>\n\t\t\t\t<\/div>\n\t\t\t\t<div class=\"elementor-element elementor-element-166346c elementor-icon-list--layout-traditional elementor-list-item-link-full_width elementor-widget elementor-widget-icon-list\" data-id=\"166346c\" data-element_type=\"widget\" data-widget_type=\"icon-list.default\">\n\t\t\t\t<div class=\"elementor-widget-container\">\n\t\t\t\t\t<ul class=\"elementor-icon-list-items\">\n\t\t\t\t\t\t\t<li class=\"elementor-icon-list-item\">\n\t\t\t\t\t<a href=\"https:\/\/forms.gle\/3PRb3PyZe7zykFeT8\">\t\t\t\t\t\t<span class=\"elementor-icon-list-icon\">\n\t\t\t\t\t\t\t<i aria-hidden=\"true\" class=\"fas fa-cloud-download-alt\"><\/i>\t\t\t\t\t\t<\/span>\n\t\t\t\t\t\t\t\t\t\t<span class=\"elementor-icon-list-text\">Ir a formulario en l\u00ednea<\/span>\n\t\t\t\t\t\t\t\t\t\t\t<\/a>\n\t\t\t\t\t\t\t\t\t<\/li>\n\t\t\t\t\t\t<\/ul>\n\t\t\t\t<\/div>\n\t\t\t\t<\/div>\n\t\t\t\t<div class=\"elementor-element elementor-element-a8a18f6 elementor-widget elementor-widget-text-editor\" data-id=\"a8a18f6\" data-element_type=\"widget\" data-widget_type=\"text-editor.default\">\n\t\t\t\t<div class=\"elementor-widget-container\">\n\t\t\t\t\t\t\t\t<p>Todas las solicitudes ser\u00e1n gestionadas conforme a la Ley de Protecci\u00f3n de Datos Personales, garantizando la confidencialidad y el trato reservado de tu caso.<\/p>\t\t\t\t\t\t<\/div>\n\t\t\t\t<\/div>\n\t\t\t\t\t<\/div>\n\t\t<\/div>\n\t\t\t\t\t\t\t<\/div>\n\t\t<\/section>\n\t\t\t\t<section class=\"elementor-section elementor-top-section elementor-element elementor-element-1dfb6d1 elementor-section-boxed elementor-section-height-default elementor-section-height-default\" data-id=\"1dfb6d1\" data-element_type=\"section\">\n\t\t\t\t\t\t<div class=\"elementor-container elementor-column-gap-default\">\n\t\t\t\t\t<div class=\"elementor-column elementor-col-100 elementor-top-column elementor-element elementor-element-28de0ff\" data-id=\"28de0ff\" data-element_type=\"column\">\n\t\t\t<div class=\"elementor-widget-wrap elementor-element-populated\">\n\t\t\t\t\t\t\t\t<div class=\"elementor-element elementor-element-145fbc4 elementor-widget elementor-widget-heading\" data-id=\"145fbc4\" data-element_type=\"widget\" data-widget_type=\"heading.default\">\n\t\t\t\t<div class=\"elementor-widget-container\">\n\t\t\t<h2 class=\"elementor-heading-title elementor-size-default\">Contacto Defensor(a) del part\u00edcipe<\/h2>\t\t<\/div>\n\t\t\t\t<\/div>\n\t\t\t\t<div class=\"elementor-element elementor-element-e7f0aaa elementor-widget elementor-widget-image\" data-id=\"e7f0aaa\" data-element_type=\"widget\" data-widget_type=\"image.default\">\n\t\t\t\t<div class=\"elementor-widget-container\">\n\t\t\t\t\t\t\t\t\t\t\t\t\t\t\t<img loading=\"lazy\" decoding=\"async\" width=\"768\" height=\"418\" src=\"https:\/\/finanfondo.com\/wp-content\/uploads\/2025\/03\/contacto-defensor-participes-1-768x418.png\" class=\"attachment-medium_large size-medium_large\" alt=\"\" srcset=\"https:\/\/finanfondo.com\/wp-content\/uploads\/2025\/03\/contacto-defensor-participes-1-768x418.png 768w, https:\/\/finanfondo.com\/wp-content\/uploads\/2025\/03\/contacto-defensor-participes-1-300x163.png 300w, https:\/\/finanfondo.com\/wp-content\/uploads\/2025\/03\/contacto-defensor-participes-1-580x316.png 580w, https:\/\/finanfondo.com\/wp-content\/uploads\/2025\/03\/contacto-defensor-participes-1-820x446.png 820w, https:\/\/finanfondo.com\/wp-content\/uploads\/2025\/03\/contacto-defensor-participes-1-600x327.png 600w, https:\/\/finanfondo.com\/wp-content\/uploads\/2025\/03\/contacto-defensor-participes-1.png 961w\" sizes=\"auto, (max-width: 768px) 100vw, 768px\" \/>\t\t\t\t\t\t\t\t\t\t\t\t\t\t\t<\/div>\n\t\t\t\t<\/div>\n\t\t\t\t\t<\/div>\n\t\t<\/div>\n\t\t\t\t\t\t\t<\/div>\n\t\t<\/section>\n\t\t\t\t<section class=\"elementor-section elementor-top-section elementor-element elementor-element-a6ba6a2 elementor-section-boxed elementor-section-height-default elementor-section-height-default\" data-id=\"a6ba6a2\" data-element_type=\"section\">\n\t\t\t\t\t\t<div class=\"elementor-container elementor-column-gap-default\">\n\t\t\t\t\t<div class=\"elementor-column elementor-col-100 elementor-top-column elementor-element elementor-element-58e532f\" data-id=\"58e532f\" data-element_type=\"column\">\n\t\t\t<div class=\"elementor-widget-wrap elementor-element-populated\">\n\t\t\t\t\t\t\t\t<div class=\"elementor-element elementor-element-103a05d elementor-widget elementor-widget-heading\" data-id=\"103a05d\" data-element_type=\"widget\" data-widget_type=\"heading.default\">\n\t\t\t\t<div class=\"elementor-widget-container\">\n\t\t\t<h2 class=\"elementor-heading-title elementor-size-default\">CONOCE TUS DERECHOS<\/h2>\t\t<\/div>\n\t\t\t\t<\/div>\n\t\t\t\t<div class=\"elementor-element elementor-element-b1f5101 elementor-icon-list--layout-traditional elementor-list-item-link-full_width elementor-widget elementor-widget-icon-list\" data-id=\"b1f5101\" data-element_type=\"widget\" data-widget_type=\"icon-list.default\">\n\t\t\t\t<div class=\"elementor-widget-container\">\n\t\t\t\t\t<ul class=\"elementor-icon-list-items\">\n\t\t\t\t\t\t\t<li class=\"elementor-icon-list-item\">\n\t\t\t\t\t<a href=\"https:\/\/finanfondo.com\/wp-content\/uploads\/2025\/05\/L1-XIII-cap-III-1-1-DEFENSA-CONSUMIDOR-FINANCIERO.pdf\">\t\t\t\t\t\t<span class=\"elementor-icon-list-icon\">\n\t\t\t\t\t\t\t<i aria-hidden=\"true\" class=\"fas fa-cloud-download-alt\"><\/i>\t\t\t\t\t\t<\/span>\n\t\t\t\t\t\t\t\t\t\t<span class=\"elementor-icon-list-text\">Normativa de defensa del part\u00edcipe<\/span>\n\t\t\t\t\t\t\t\t\t\t\t<\/a>\n\t\t\t\t\t\t\t\t\t<\/li>\n\t\t\t\t\t\t\t\t<li class=\"elementor-icon-list-item\">\n\t\t\t\t\t<a href=\"https:\/\/finanfondo.com\/wp-content\/uploads\/2025\/05\/20240119_O_SB-DCFCPC-2024-0134-O_FCPC-CUMPLIMIENTO-RESOLUCION-SB-2023-02208-ANEXO.pdf\">\t\t\t\t\t\t<span class=\"elementor-icon-list-icon\">\n\t\t\t\t\t\t\t<i aria-hidden=\"true\" class=\"fas fa-cloud-download-alt\"><\/i>\t\t\t\t\t\t<\/span>\n\t\t\t\t\t\t\t\t\t\t<span class=\"elementor-icon-list-text\">Resoluci\u00f3n Nro. SB-2023-02208<\/span>\n\t\t\t\t\t\t\t\t\t\t\t<\/a>\n\t\t\t\t\t\t\t\t\t<\/li>\n\t\t\t\t\t\t<\/ul>\n\t\t\t\t<\/div>\n\t\t\t\t<\/div>\n\t\t\t\t<div class=\"elementor-element elementor-element-e6ac918 elementor-widget elementor-widget-text-editor\" data-id=\"e6ac918\" data-element_type=\"widget\" data-widget_type=\"text-editor.default\">\n\t\t\t\t<div class=\"elementor-widget-container\">\n\t\t\t\t\t\t\t\t<p><strong>Nota:<\/strong> Tienes derecho a recibir una respuesta en un plazo m\u00e1ximo de 15 d\u00edas calendario desde la recepci\u00f3n de tu solicitud, conforme a lo dispuesto en la normativa vigente.<\/p>\t\t\t\t\t\t<\/div>\n\t\t\t\t<\/div>\n\t\t\t\t<section class=\"elementor-section elementor-inner-section elementor-element elementor-element-e849f01 elementor-section-boxed elementor-section-height-default elementor-section-height-default\" data-id=\"e849f01\" data-element_type=\"section\">\n\t\t\t\t\t\t<div class=\"elementor-container elementor-column-gap-default\">\n\t\t\t\t\t<div class=\"elementor-column elementor-col-50 elementor-inner-column elementor-element elementor-element-96ebdf0\" data-id=\"96ebdf0\" data-element_type=\"column\">\n\t\t\t<div class=\"elementor-widget-wrap\">\n\t\t\t\t\t\t\t\t\t<\/div>\n\t\t<\/div>\n\t\t\t\t<div class=\"elementor-column elementor-col-50 elementor-inner-column elementor-element elementor-element-802837f\" data-id=\"802837f\" data-element_type=\"column\">\n\t\t\t<div class=\"elementor-widget-wrap\">\n\t\t\t\t\t\t\t\t\t<\/div>\n\t\t<\/div>\n\t\t\t\t\t\t\t<\/div>\n\t\t<\/section>\n\t\t\t\t\t<\/div>\n\t\t<\/div>\n\t\t\t\t\t\t\t<\/div>\n\t\t<\/section>\n\t\t\t\t\t\t<\/div>\n\t\t\t\t\t<\/div>\n\t\t","protected":false},"excerpt":{"rendered":"<p>\u00bfTienes una consulta, queja o reclamo? En Finanfondo FCPC trabajamos para garantizar tus derechos como part\u00edcipe, brind\u00e1ndote una atenci\u00f3n transparente, imparcial y oportuna. La atenci\u00f3n de consultas, quejas y reclamos est\u00e1 a cargo de la Defensor\u00eda del Part\u00edcipe, conforme a lo dispuesto en la normativa vigente y bajo la supervisi\u00f3n de la Superintendencia de Bancos&#8230;<\/p>\n","protected":false},"author":3,"featured_media":0,"parent":0,"menu_order":0,"comment_status":"closed","ping_status":"closed","template":"elementor_header_footer","meta":{"footnotes":""},"class_list":["post-6931","page","type-page","status-publish","hentry"],"yoast_head":"<!-- This site is optimized with the Yoast SEO plugin v18.4.1 - https:\/\/yoast.com\/wordpress\/plugins\/seo\/ -->\n<title>Defensa al Part\u00edcipe - FINANFONDO<\/title>\n<meta name=\"robots\" content=\"index, follow, max-snippet:-1, max-image-preview:large, max-video-preview:-1\" \/>\n<link rel=\"canonical\" href=\"https:\/\/finanfondo.com\/index.php\/defensa-al-participe\/\" \/>\n<meta property=\"og:locale\" content=\"es_ES\" \/>\n<meta property=\"og:type\" content=\"article\" \/>\n<meta property=\"og:title\" content=\"Defensa al Part\u00edcipe - FINANFONDO\" \/>\n<meta property=\"og:description\" content=\"\u00bfTienes una consulta, queja o reclamo? En Finanfondo FCPC trabajamos para garantizar tus derechos como part\u00edcipe, brind\u00e1ndote una atenci\u00f3n transparente, imparcial y oportuna. La atenci\u00f3n de consultas, quejas y reclamos est\u00e1 a cargo de la Defensor\u00eda del Part\u00edcipe, conforme a lo dispuesto en la normativa vigente y bajo la supervisi\u00f3n de la Superintendencia de Bancos...\" \/>\n<meta property=\"og:url\" content=\"https:\/\/finanfondo.com\/index.php\/defensa-al-participe\/\" \/>\n<meta property=\"og:site_name\" content=\"FINANFONDO\" \/>\n<meta property=\"article:modified_time\" content=\"2025-05-14T22:57:01+00:00\" \/>\n<meta property=\"og:image\" content=\"https:\/\/finanfondo.com\/wp-content\/uploads\/2025\/03\/contacto-defensor-participes-1-768x418.png\" \/>\n<meta name=\"twitter:card\" content=\"summary_large_image\" \/>\n<meta name=\"twitter:label1\" content=\"Tiempo de lectura\" \/>\n\t<meta name=\"twitter:data1\" content=\"1 minuto\" \/>\n<script type=\"application\/ld+json\" class=\"yoast-schema-graph\">{\"@context\":\"https:\/\/schema.org\",\"@graph\":[{\"@type\":\"WebSite\",\"@id\":\"https:\/\/finanfondo.com\/#website\",\"url\":\"https:\/\/finanfondo.com\/\",\"name\":\"FINANFONDO\",\"description\":\"FINANFONDO FCPC\",\"potentialAction\":[{\"@type\":\"SearchAction\",\"target\":{\"@type\":\"EntryPoint\",\"urlTemplate\":\"https:\/\/finanfondo.com\/?s={search_term_string}\"},\"query-input\":\"required name=search_term_string\"}],\"inLanguage\":\"es\"},{\"@type\":\"ImageObject\",\"@id\":\"https:\/\/finanfondo.com\/index.php\/defensa-al-participe\/#primaryimage\",\"inLanguage\":\"es\",\"url\":\"https:\/\/finanfondo.com\/wp-content\/uploads\/2025\/03\/contacto-defensor-participes-1.png\",\"contentUrl\":\"https:\/\/finanfondo.com\/wp-content\/uploads\/2025\/03\/contacto-defensor-participes-1.png\",\"width\":961,\"height\":523},{\"@type\":\"WebPage\",\"@id\":\"https:\/\/finanfondo.com\/index.php\/defensa-al-participe\/#webpage\",\"url\":\"https:\/\/finanfondo.com\/index.php\/defensa-al-participe\/\",\"name\":\"Defensa al Part\u00edcipe - FINANFONDO\",\"isPartOf\":{\"@id\":\"https:\/\/finanfondo.com\/#website\"},\"primaryImageOfPage\":{\"@id\":\"https:\/\/finanfondo.com\/index.php\/defensa-al-participe\/#primaryimage\"},\"datePublished\":\"2025-03-07T20:43:44+00:00\",\"dateModified\":\"2025-05-14T22:57:01+00:00\",\"breadcrumb\":{\"@id\":\"https:\/\/finanfondo.com\/index.php\/defensa-al-participe\/#breadcrumb\"},\"inLanguage\":\"es\",\"potentialAction\":[{\"@type\":\"ReadAction\",\"target\":[\"https:\/\/finanfondo.com\/index.php\/defensa-al-participe\/\"]}]},{\"@type\":\"BreadcrumbList\",\"@id\":\"https:\/\/finanfondo.com\/index.php\/defensa-al-participe\/#breadcrumb\",\"itemListElement\":[{\"@type\":\"ListItem\",\"position\":1,\"name\":\"Portada\",\"item\":\"https:\/\/finanfondo.com\/\"},{\"@type\":\"ListItem\",\"position\":2,\"name\":\"Defensa al Part\u00edcipe\"}]}]}<\/script>\n<!-- \/ Yoast SEO plugin. -->","yoast_head_json":{"title":"Defensa al Part\u00edcipe - FINANFONDO","robots":{"index":"index","follow":"follow","max-snippet":"max-snippet:-1","max-image-preview":"max-image-preview:large","max-video-preview":"max-video-preview:-1"},"canonical":"https:\/\/finanfondo.com\/index.php\/defensa-al-participe\/","og_locale":"es_ES","og_type":"article","og_title":"Defensa al Part\u00edcipe - FINANFONDO","og_description":"\u00bfTienes una consulta, queja o reclamo? En Finanfondo FCPC trabajamos para garantizar tus derechos como part\u00edcipe, brind\u00e1ndote una atenci\u00f3n transparente, imparcial y oportuna. La atenci\u00f3n de consultas, quejas y reclamos est\u00e1 a cargo de la Defensor\u00eda del Part\u00edcipe, conforme a lo dispuesto en la normativa vigente y bajo la supervisi\u00f3n de la Superintendencia de Bancos...","og_url":"https:\/\/finanfondo.com\/index.php\/defensa-al-participe\/","og_site_name":"FINANFONDO","article_modified_time":"2025-05-14T22:57:01+00:00","og_image":[{"url":"https:\/\/finanfondo.com\/wp-content\/uploads\/2025\/03\/contacto-defensor-participes-1-768x418.png"}],"twitter_card":"summary_large_image","twitter_misc":{"Tiempo de lectura":"1 minuto"},"schema":{"@context":"https:\/\/schema.org","@graph":[{"@type":"WebSite","@id":"https:\/\/finanfondo.com\/#website","url":"https:\/\/finanfondo.com\/","name":"FINANFONDO","description":"FINANFONDO FCPC","potentialAction":[{"@type":"SearchAction","target":{"@type":"EntryPoint","urlTemplate":"https:\/\/finanfondo.com\/?s={search_term_string}"},"query-input":"required name=search_term_string"}],"inLanguage":"es"},{"@type":"ImageObject","@id":"https:\/\/finanfondo.com\/index.php\/defensa-al-participe\/#primaryimage","inLanguage":"es","url":"https:\/\/finanfondo.com\/wp-content\/uploads\/2025\/03\/contacto-defensor-participes-1.png","contentUrl":"https:\/\/finanfondo.com\/wp-content\/uploads\/2025\/03\/contacto-defensor-participes-1.png","width":961,"height":523},{"@type":"WebPage","@id":"https:\/\/finanfondo.com\/index.php\/defensa-al-participe\/#webpage","url":"https:\/\/finanfondo.com\/index.php\/defensa-al-participe\/","name":"Defensa al Part\u00edcipe - FINANFONDO","isPartOf":{"@id":"https:\/\/finanfondo.com\/#website"},"primaryImageOfPage":{"@id":"https:\/\/finanfondo.com\/index.php\/defensa-al-participe\/#primaryimage"},"datePublished":"2025-03-07T20:43:44+00:00","dateModified":"2025-05-14T22:57:01+00:00","breadcrumb":{"@id":"https:\/\/finanfondo.com\/index.php\/defensa-al-participe\/#breadcrumb"},"inLanguage":"es","potentialAction":[{"@type":"ReadAction","target":["https:\/\/finanfondo.com\/index.php\/defensa-al-participe\/"]}]},{"@type":"BreadcrumbList","@id":"https:\/\/finanfondo.com\/index.php\/defensa-al-participe\/#breadcrumb","itemListElement":[{"@type":"ListItem","position":1,"name":"Portada","item":"https:\/\/finanfondo.com\/"},{"@type":"ListItem","position":2,"name":"Defensa al Part\u00edcipe"}]}]}},"_links":{"self":[{"href":"https:\/\/finanfondo.com\/index.php\/wp-json\/wp\/v2\/pages\/6931","targetHints":{"allow":["GET"]}}],"collection":[{"href":"https:\/\/finanfondo.com\/index.php\/wp-json\/wp\/v2\/pages"}],"about":[{"href":"https:\/\/finanfondo.com\/index.php\/wp-json\/wp\/v2\/types\/page"}],"author":[{"embeddable":true,"href":"https:\/\/finanfondo.com\/index.php\/wp-json\/wp\/v2\/users\/3"}],"replies":[{"embeddable":true,"href":"https:\/\/finanfondo.com\/index.php\/wp-json\/wp\/v2\/comments?post=6931"}],"version-history":[{"count":22,"href":"https:\/\/finanfondo.com\/index.php\/wp-json\/wp\/v2\/pages\/6931\/revisions"}],"predecessor-version":[{"id":7003,"href":"https:\/\/finanfondo.com\/index.php\/wp-json\/wp\/v2\/pages\/6931\/revisions\/7003"}],"wp:attachment":[{"href":"https:\/\/finanfondo.com\/index.php\/wp-json\/wp\/v2\/media?parent=6931"}],"curies":[{"name":"wp","href":"https:\/\/api.w.org\/{rel}","templated":true}]}}